{"id":22,"date":"2016-12-17T20:57:26","date_gmt":"2016-12-17T20:57:26","guid":{"rendered":"http:\/\/airmonkey.es\/?page_id=22"},"modified":"2023-05-21T07:48:51","modified_gmt":"2023-05-21T07:48:51","slug":"inicio","status":"publish","type":"page","link":"https:\/\/www.airmonkey.es\/?page_id=22","title":{"rendered":"Servicios que ofrecemos"},"content":{"rendered":"<div class=\"entry-content\">\n<p>&#8211;<em><strong>M<\/strong><strong>ec\u00e1nica:<\/strong><\/em> Revisamos, reparamos (overhaul o revisi\u00f3n mayor) y ponemos a punto motores, tanto de dos, como de cuatro tiempos, de todas las marcas (Rotax, Jabiru, UL Power, Simonini, etc..), as\u00ed como motores procedentes de la automoci\u00f3n \u00abavionizados\u00bb.<\/p>\n<p>&#8211;<em><strong>E<\/strong><strong>lectricidad:<\/strong><\/em> Solventamos cualquier problema en tu aeronave de origen el\u00e9ctrico. Realizamos instalaciones el\u00e9ctricas de cualquier \u00edndole en la aeronave, como por ejemplo sistemas de control el\u00e9ctricos (flaps, trims, etc&#8230;), iluminaci\u00f3n de navegaci\u00f3n, estrobos, landing lights. Instalamos y configuramos cualquier equipo electr\u00f3nico de a bordo (avi\u00f3nica).<\/p>\n<p>&#8211;<strong><em>C<\/em><\/strong><em><strong>omunicaciones\/Nav:<\/strong><\/em> Revisamos y ajustamos tu instalaci\u00f3n de radio, para obtener resultados \u00f3ptimos en tus comunicaciones, maximizando as\u00ed la seguridad en vuelo. Hacemos la instalaci\u00f3n completa de tu nuevo equipo de radio, desde la antena, hasta el transmisor, incluyendo cableado de control (ptt remoto, auriculares, intercom, enlace digital de la radio con EFIS, si est\u00e1 disponible). Tambi\u00e9n revisamos e instalamos sistemas Transponder, EFIS y GPS, adem\u00e1s de dar servicio a esos equipos, incluyendo su reparaci\u00f3n o actualizaci\u00f3n de software, en el caso de los EFIS y GPS. Tambi\u00e9n reparamos y convertimos (ANR) auriculares aeron\u00e1uticos.<\/p>\n<p>&#8211;<em><strong>Instrumentaci\u00f3n:\u00a0<\/strong><\/em>Revisamos el correcto funcionamiento de los instrumentos de la aeronave, solventando los posibles problemas de estos, calibr\u00e1ndolos o sustituy\u00e9ndolos si es necesario.<\/p>\n<p>&#8211;<strong><em>R<\/em><\/strong><em><strong>eparaci\u00f3n de c\u00e9lula:<\/strong><\/em> Reparamos desperfectos en la c\u00e9lula de tu aeronave, desde composites, hasta aluminio, pasando por entelados, etc&#8230; Revisamos y reparamos cualquier incidencia que ocurra con sistemas de control (tren retr\u00e1ctil, frenos, etc&#8230;).<\/p>\n<p>&#8211;<em><strong>H\u00e9lices:<\/strong><\/em> Reparamos, equilibramos y pintamos h\u00e9lices, empleando recubrimientos de alta resistencia y calidad, para una mayor durabilidad. Revisamos y reparamos tambi\u00e9n sistemas de paso variable.<\/p>\n<p>&#8211;<em><strong>Pintura: <\/strong><\/em>Servicio de reparaci\u00f3n de desperfectos y pintura de la aeronave, incluyendo rotulaci\u00f3n de la misma, si fuese necesario.<\/p>\n<p>&#8211;<em><strong>Transporte y pruebas: <\/strong><\/em>Puesto que ciertas reparaciones no pueden ser efectuadas a pie de campo, nos encargamos del desmontaje y transporte de tu aeronave hasta nuestras instalaciones para su reparaci\u00f3n. Una vez terminada la reparaci\u00f3n, volvemos a trasladar la aeronave al campo y la ensamblamos para su puesta en servicio. Previa autorizaci\u00f3n del propietario, tras la reparaci\u00f3n de la aeronave, realizamos las pruebas oportunas, incluidas las pruebas de vuelo, hechas por pilotos experimentados. Disponemos de medios para transportar tu aeronave por carretera, de ser necesario.<\/p>\n<p>&#8211;<em><strong>Piloto \u00abferry\u00bb:<\/strong><\/em> Ofrecemos servicio de traslado de aeronaves en vuelo, realizado por pilotos experimentados.<\/p>\n<p><em><strong>-Instructor de vuelo:<\/strong><\/em> Ofrecemos servicio de piloto instructor experimentado para que te habilites en tu nueva aeronave.<\/p>\n<\/div>\n","protected":false},"excerpt":{"rendered":"<p>&#8211;Mec\u00e1nica: Revisamos, reparamos (overhaul o revisi\u00f3n mayor) y ponemos a punto motores, tanto de dos, como de cuatro tiempos, de todas las marcas (Rotax, Jabiru, UL Power, Simonini, etc..), as\u00ed como motores procedentes de la automoci\u00f3n \u00abavionizados\u00bb. &#8211;Electricidad: Solventamos cualquier problema en tu aeronave de origen el\u00e9ctrico. Realizamos instalaciones el\u00e9ctricas de cualquier \u00edndole en la [&hellip;]<\/p>\n","protected":false},"author":1,"featured_media":0,"parent":0,"menu_order":0,"comment_status":"closed","ping_status":"closed","template":"","meta":[],"_links":{"self":[{"href":"https:\/\/www.airmonkey.es\/index.php?rest_route=\/wp\/v2\/pages\/22"}],"collection":[{"href":"https:\/\/www.airmonkey.es\/index.php?rest_route=\/wp\/v2\/pages"}],"about":[{"href":"https:\/\/www.airmonkey.es\/index.php?rest_route=\/wp\/v2\/types\/page"}],"author":[{"embeddable":true,"href":"https:\/\/www.airmonkey.es\/index.php?rest_route=\/wp\/v2\/users\/1"}],"replies":[{"embeddable":true,"href":"https:\/\/www.airmonkey.es\/index.php?rest_route=%2Fwp%2Fv2%2Fcomments&post=22"}],"version-history":[{"count":20,"href":"https:\/\/www.airmonkey.es\/index.php?rest_route=\/wp\/v2\/pages\/22\/revisions"}],"predecessor-version":[{"id":607,"href":"https:\/\/www.airmonkey.es\/index.php?rest_route=\/wp\/v2\/pages\/22\/revisions\/607"}],"wp:attachment":[{"href":"https:\/\/www.airmonkey.es\/index.php?rest_route=%2Fwp%2Fv2%2Fmedia&parent=22"}],"curies":[{"name":"wp","href":"https:\/\/api.w.org\/{rel}","templated":true}]}}